{"id":4244,"date":"2023-07-26T16:27:29","date_gmt":"2023-07-26T14:27:29","guid":{"rendered":"https:\/\/jilly.kunden.christophburger.dev\/dialyse-dr-jilly\/?page_id=4244"},"modified":"2026-03-03T11:28:58","modified_gmt":"2026-03-03T10:28:58","slug":"karriere-im-dialyseinstitut-dr-jilly","status":"publish","type":"page","link":"https:\/\/www.jilly.at\/dialyse-dr-jilly\/karriere-im-dialyseinstitut-dr-jilly\/","title":{"rendered":"Karriere"},"content":{"rendered":"","protected":false},"excerpt":{"rendered":"","protected":false},"author":3,"featured_media":0,"parent":0,"menu_order":0,"comment_status":"closed","ping_status":"closed","template":"","meta":{"_acf_changed":false,"footnotes":""},"class_list":["post-4244","page","type-page","status-publish","hentry"],"acf":[],"yoast_head":"\nKarriere - Dialyseinstitut Dr. Jilly in P\u00f6rtschach und Klagenfurt<\/title>\n<meta name=\"description\" content=\"Ihre Karriere im Dialyseinstitut Dr. Jilly in Klagenfurt und P\u00f6rtschach am W\u00f6rthersee. Werden Sie Teil unseres Teams!\" \/>\n<meta name=\"robots\" content=\"index, follow, max-snippet:-1, max-image-preview:large, max-video-preview:-1\" \/>\n<link rel=\"canonical\" href=\"https:\/\/www.jilly.at\/dialyse-dr-jilly\/karriere-im-dialyseinstitut-dr-jilly\/\" \/>\n<meta property=\"og:locale\" content=\"de_DE\" \/>\n<meta property=\"og:type\" content=\"article\" \/>\n<meta property=\"og:title\" content=\"Karriere - Dialyseinstitut Dr. Jilly in P\u00f6rtschach und Klagenfurt\" \/>\n<meta property=\"og:description\" content=\"Ihre Karriere im Dialyseinstitut Dr. Jilly in Klagenfurt und P\u00f6rtschach am W\u00f6rthersee. Werden Sie Teil unseres Teams!\" \/>\n<meta property=\"og:url\" content=\"https:\/\/www.jilly.at\/dialyse-dr-jilly\/karriere-im-dialyseinstitut-dr-jilly\/\" \/>\n<meta property=\"og:site_name\" content=\"Dialyseinstitut Dr. Jilly in P\u00f6rtschach und Klagenfurt\" \/>\n<meta property=\"article:modified_time\" content=\"2026-03-03T10:28:58+00:00\" \/>\n<meta name=\"twitter:card\" content=\"summary_large_image\" \/>\n<meta name=\"twitter:label1\" content=\"Gesch\u00e4tzte Lesezeit\" \/>\n\t<meta name=\"twitter:data1\" content=\"6\u00a0Minuten\" \/>\n<script type=\"application\/ld+json\" class=\"yoast-schema-graph\">{\"@context\":\"https:\\\/\\\/schema.org\",\"@graph\":[{\"@type\":\"WebPage\",\"@id\":\"https:\\\/\\\/www.jilly.at\\\/dialyse-dr-jilly\\\/karriere-im-dialyseinstitut-dr-jilly\\\/\",\"url\":\"https:\\\/\\\/www.jilly.at\\\/dialyse-dr-jilly\\\/karriere-im-dialyseinstitut-dr-jilly\\\/\",\"name\":\"Karriere - Dialyseinstitut Dr. Jilly in P\u00f6rtschach und Klagenfurt\",\"isPartOf\":{\"@id\":\"https:\\\/\\\/www.jilly.at\\\/dialyse-dr-jilly\\\/#website\"},\"datePublished\":\"2023-07-26T14:27:29+00:00\",\"dateModified\":\"2026-03-03T10:28:58+00:00\",\"description\":\"Ihre Karriere im Dialyseinstitut Dr. Jilly in Klagenfurt und P\u00f6rtschach am W\u00f6rthersee. Werden Sie Teil unseres Teams!\",\"breadcrumb\":{\"@id\":\"https:\\\/\\\/www.jilly.at\\\/dialyse-dr-jilly\\\/karriere-im-dialyseinstitut-dr-jilly\\\/#breadcrumb\"},\"inLanguage\":\"de\",\"potentialAction\":[{\"@type\":\"ReadAction\",\"target\":[\"https:\\\/\\\/www.jilly.at\\\/dialyse-dr-jilly\\\/karriere-im-dialyseinstitut-dr-jilly\\\/\"]}]},{\"@type\":\"BreadcrumbList\",\"@id\":\"https:\\\/\\\/www.jilly.at\\\/dialyse-dr-jilly\\\/karriere-im-dialyseinstitut-dr-jilly\\\/#breadcrumb\",\"itemListElement\":[{\"@type\":\"ListItem\",\"position\":1,\"name\":\"Startseite\",\"item\":\"https:\\\/\\\/www.jilly.at\\\/dialyse-dr-jilly\\\/\"},{\"@type\":\"ListItem\",\"position\":2,\"name\":\"Karriere\"}]},{\"@type\":\"WebSite\",\"@id\":\"https:\\\/\\\/www.jilly.at\\\/dialyse-dr-jilly\\\/#website\",\"url\":\"https:\\\/\\\/www.jilly.at\\\/dialyse-dr-jilly\\\/\",\"name\":\"Dialyseinstitut Dr. Jilly in P\u00f6rtschach und Klagenfurt\",\"description\":\"Eine weitere Dr. Jilly Holding GmbH Websites Website\",\"publisher\":{\"@id\":\"https:\\\/\\\/www.jilly.at\\\/dialyse-dr-jilly\\\/#organization\"},\"inLanguage\":\"de\"},{\"@type\":\"Organization\",\"@id\":\"https:\\\/\\\/www.jilly.at\\\/dialyse-dr-jilly\\\/#organization\",\"name\":\"Dialyse Dr. Jilly\",\"url\":\"https:\\\/\\\/www.jilly.at\\\/dialyse-dr-jilly\\\/\",\"logo\":{\"@type\":\"ImageObject\",\"inLanguage\":\"de\",\"@id\":\"https:\\\/\\\/www.jilly.at\\\/dialyse-dr-jilly\\\/#\\\/schema\\\/logo\\\/image\\\/\",\"url\":\"https:\\\/\\\/www.jilly.at\\\/dialyse-dr-jilly\\\/wp-content\\\/uploads\\\/sites\\\/4\\\/2019\\\/11\\\/JILLY_DIALYSE_LOGO_2019.png\",\"contentUrl\":\"https:\\\/\\\/www.jilly.at\\\/dialyse-dr-jilly\\\/wp-content\\\/uploads\\\/sites\\\/4\\\/2019\\\/11\\\/JILLY_DIALYSE_LOGO_2019.png\",\"width\":340,\"height\":340,\"caption\":\"Dialyse Dr. Jilly\"},\"image\":{\"@id\":\"https:\\\/\\\/www.jilly.at\\\/dialyse-dr-jilly\\\/#\\\/schema\\\/logo\\\/image\\\/\"}}]}<\/script>\n<!-- \/ Yoast SEO plugin. -->","yoast_head_json":{"title":"Karriere - Dialyseinstitut Dr. Jilly in P\u00f6rtschach und Klagenfurt","description":"Ihre Karriere im Dialyseinstitut Dr. Jilly in Klagenfurt und P\u00f6rtschach am W\u00f6rthersee. Werden Sie Teil unseres Teams!","robots":{"index":"index","follow":"follow","max-snippet":"max-snippet:-1","max-image-preview":"max-image-preview:large","max-video-preview":"max-video-preview:-1"},"canonical":"https:\/\/www.jilly.at\/dialyse-dr-jilly\/karriere-im-dialyseinstitut-dr-jilly\/","og_locale":"de_DE","og_type":"article","og_title":"Karriere - Dialyseinstitut Dr. Jilly in P\u00f6rtschach und Klagenfurt","og_description":"Ihre Karriere im Dialyseinstitut Dr. Jilly in Klagenfurt und P\u00f6rtschach am W\u00f6rthersee. Werden Sie Teil unseres Teams!","og_url":"https:\/\/www.jilly.at\/dialyse-dr-jilly\/karriere-im-dialyseinstitut-dr-jilly\/","og_site_name":"Dialyseinstitut Dr. Jilly in P\u00f6rtschach und Klagenfurt","article_modified_time":"2026-03-03T10:28:58+00:00","twitter_card":"summary_large_image","twitter_misc":{"Gesch\u00e4tzte Lesezeit":"6\u00a0Minuten"},"schema":{"@context":"https:\/\/schema.org","@graph":[{"@type":"WebPage","@id":"https:\/\/www.jilly.at\/dialyse-dr-jilly\/karriere-im-dialyseinstitut-dr-jilly\/","url":"https:\/\/www.jilly.at\/dialyse-dr-jilly\/karriere-im-dialyseinstitut-dr-jilly\/","name":"Karriere - Dialyseinstitut Dr. Jilly in P\u00f6rtschach und Klagenfurt","isPartOf":{"@id":"https:\/\/www.jilly.at\/dialyse-dr-jilly\/#website"},"datePublished":"2023-07-26T14:27:29+00:00","dateModified":"2026-03-03T10:28:58+00:00","description":"Ihre Karriere im Dialyseinstitut Dr. Jilly in Klagenfurt und P\u00f6rtschach am W\u00f6rthersee. Werden Sie Teil unseres Teams!","breadcrumb":{"@id":"https:\/\/www.jilly.at\/dialyse-dr-jilly\/karriere-im-dialyseinstitut-dr-jilly\/#breadcrumb"},"inLanguage":"de","potentialAction":[{"@type":"ReadAction","target":["https:\/\/www.jilly.at\/dialyse-dr-jilly\/karriere-im-dialyseinstitut-dr-jilly\/"]}]},{"@type":"BreadcrumbList","@id":"https:\/\/www.jilly.at\/dialyse-dr-jilly\/karriere-im-dialyseinstitut-dr-jilly\/#breadcrumb","itemListElement":[{"@type":"ListItem","position":1,"name":"Startseite","item":"https:\/\/www.jilly.at\/dialyse-dr-jilly\/"},{"@type":"ListItem","position":2,"name":"Karriere"}]},{"@type":"WebSite","@id":"https:\/\/www.jilly.at\/dialyse-dr-jilly\/#website","url":"https:\/\/www.jilly.at\/dialyse-dr-jilly\/","name":"Dialyseinstitut Dr. Jilly in P\u00f6rtschach und Klagenfurt","description":"Eine weitere Dr. Jilly Holding GmbH Websites Website","publisher":{"@id":"https:\/\/www.jilly.at\/dialyse-dr-jilly\/#organization"},"inLanguage":"de"},{"@type":"Organization","@id":"https:\/\/www.jilly.at\/dialyse-dr-jilly\/#organization","name":"Dialyse Dr. Jilly","url":"https:\/\/www.jilly.at\/dialyse-dr-jilly\/","logo":{"@type":"ImageObject","inLanguage":"de","@id":"https:\/\/www.jilly.at\/dialyse-dr-jilly\/#\/schema\/logo\/image\/","url":"https:\/\/www.jilly.at\/dialyse-dr-jilly\/wp-content\/uploads\/sites\/4\/2019\/11\/JILLY_DIALYSE_LOGO_2019.png","contentUrl":"https:\/\/www.jilly.at\/dialyse-dr-jilly\/wp-content\/uploads\/sites\/4\/2019\/11\/JILLY_DIALYSE_LOGO_2019.png","width":340,"height":340,"caption":"Dialyse Dr. Jilly"},"image":{"@id":"https:\/\/www.jilly.at\/dialyse-dr-jilly\/#\/schema\/logo\/image\/"}}]}},"lang":"de","translations":{"de":4244,"en":4305},"pll_sync_post":[],"_links":{"self":[{"href":"https:\/\/www.jilly.at\/dialyse-dr-jilly\/wp-json\/wp\/v2\/pages\/4244","targetHints":{"allow":["GET"]}}],"collection":[{"href":"https:\/\/www.jilly.at\/dialyse-dr-jilly\/wp-json\/wp\/v2\/pages"}],"about":[{"href":"https:\/\/www.jilly.at\/dialyse-dr-jilly\/wp-json\/wp\/v2\/types\/page"}],"author":[{"embeddable":true,"href":"https:\/\/www.jilly.at\/dialyse-dr-jilly\/wp-json\/wp\/v2\/users\/3"}],"replies":[{"embeddable":true,"href":"https:\/\/www.jilly.at\/dialyse-dr-jilly\/wp-json\/wp\/v2\/comments?post=4244"}],"version-history":[{"count":52,"href":"https:\/\/www.jilly.at\/dialyse-dr-jilly\/wp-json\/wp\/v2\/pages\/4244\/revisions"}],"predecessor-version":[{"id":5662,"href":"https:\/\/www.jilly.at\/dialyse-dr-jilly\/wp-json\/wp\/v2\/pages\/4244\/revisions\/5662"}],"wp:attachment":[{"href":"https:\/\/www.jilly.at\/dialyse-dr-jilly\/wp-json\/wp\/v2\/media?parent=4244"}],"curies":[{"name":"wp","href":"https:\/\/api.w.org\/{rel}","templated":true}]}}